{"id":673,"date":"2019-04-19T06:46:36","date_gmt":"2019-04-19T04:46:36","guid":{"rendered":"http:\/\/www.ssvblumau.at\/wordpress\/?page_id=673"},"modified":"2025-11-06T16:11:01","modified_gmt":"2025-11-06T15:11:01","slug":"luftpistole","status":"publish","type":"page","link":"https:\/\/www.ssvblumau.at\/wordpress\/luftpistole\/","title":{"rendered":"Luftpistole"},"content":{"rendered":"\t\t<div data-elementor-type=\"wp-post\" data-elementor-id=\"673\" class=\"elementor elementor-673\" data-elementor-settings=\"{&quot;element_pack_global_tooltip_width&quot;:{&quot;unit&quot;:&quot;px&quot;,&quot;size&quot;:&quot;&quot;,&quot;sizes&quot;:[]},&quot;element_pack_global_tooltip_width_tablet&quot;:{&quot;unit&quot;:&quot;px&quot;,&quot;size&quot;:&quot;&quot;,&quot;sizes&quot;:[]},&quot;element_pack_global_tooltip_width_mobile&quot;:{&quot;unit&quot;:&quot;px&quot;,&quot;size&quot;:&quot;&quot;,&quot;sizes&quot;:[]},&quot;element_pack_global_tooltip_padding&quot;:{&quot;unit&quot;:&quot;px&quot;,&quot;top&quot;:&quot;&quot;,&quot;right&quot;:&quot;&quot;,&quot;bottom&quot;:&quot;&quot;,&quot;left&quot;:&quot;&quot;,&quot;isLinked&quot;:true},&quot;element_pack_global_tooltip_padding_tablet&quot;:{&quot;unit&quot;:&quot;px&quot;,&quot;top&quot;:&quot;&quot;,&quot;right&quot;:&quot;&quot;,&quot;bottom&quot;:&quot;&quot;,&quot;left&quot;:&quot;&quot;,&quot;isLinked&quot;:true},&quot;element_pack_global_tooltip_padding_mobile&quot;:{&quot;unit&quot;:&quot;px&quot;,&quot;top&quot;:&quot;&quot;,&quot;right&quot;:&quot;&quot;,&quot;bottom&quot;:&quot;&quot;,&quot;left&quot;:&quot;&quot;,&quot;isLinked&quot;:true},&quot;element_pack_global_tooltip_border_radius&quot;:{&quot;unit&quot;:&quot;px&quot;,&quot;top&quot;:&quot;&quot;,&quot;right&quot;:&quot;&quot;,&quot;bottom&quot;:&quot;&quot;,&quot;left&quot;:&quot;&quot;,&quot;isLinked&quot;:true},&quot;element_pack_global_tooltip_border_radius_tablet&quot;:{&quot;unit&quot;:&quot;px&quot;,&quot;top&quot;:&quot;&quot;,&quot;right&quot;:&quot;&quot;,&quot;bottom&quot;:&quot;&quot;,&quot;left&quot;:&quot;&quot;,&quot;isLinked&quot;:true},&quot;element_pack_global_tooltip_border_radius_mobile&quot;:{&quot;unit&quot;:&quot;px&quot;,&quot;top&quot;:&quot;&quot;,&quot;right&quot;:&quot;&quot;,&quot;bottom&quot;:&quot;&quot;,&quot;left&quot;:&quot;&quot;,&quot;isLinked&quot;:true}}\" data-elementor-post-type=\"page\">\n\t\t\t\t\t\t<section class=\"elementor-section elementor-top-section elementor-element elementor-element-d46f83d elementor-section-boxed elementor-section-height-default elementor-section-height-default\" data-id=\"d46f83d\" data-element_type=\"section\" data-e-type=\"section\">\n\t\t\t\t\t\t<div class=\"elementor-container elementor-column-gap-default\">\n\t\t\t\t\t<div class=\"elementor-column elementor-col-100 elementor-top-column elementor-element elementor-element-17a080f\" data-id=\"17a080f\" data-element_type=\"column\" data-e-type=\"column\">\n\t\t\t<div class=\"elementor-widget-wrap elementor-element-populated\">\n\t\t\t\t\t\t<div class=\"elementor-element elementor-element-2d42f1d elementor-widget__width-initial elementor-widget-mobile__width-initial elementor-widget elementor-widget-heading\" data-id=\"2d42f1d\" data-element_type=\"widget\" data-e-type=\"widget\" data-widget_type=\"heading.default\">\n\t\t\t\t<div class=\"elementor-widget-container\">\n\t\t\t\t\t<h4 class=\"elementor-heading-title elementor-size-default\">DIE LUFTPISTOLE ALS SPORTGER\u00c4T<\/h4>\t\t\t\t<\/div>\n\t\t\t\t<\/div>\n\t\t\t\t\t<\/div>\n\t\t<\/div>\n\t\t\t\t\t<\/div>\n\t\t<\/section>\n\t\t<div class=\"elementor-element elementor-element-5dc93d4 e-flex e-con-boxed e-con e-parent\" data-id=\"5dc93d4\" data-element_type=\"container\" data-e-type=\"container\">\n\t\t\t\t\t<div class=\"e-con-inner\">\n\t\t\t\t<div class=\"elementor-element elementor-element-73414e7 elementor-widget elementor-widget-text-editor\" data-id=\"73414e7\" data-element_type=\"widget\" data-e-type=\"widget\" data-widget_type=\"text-editor.default\">\n\t\t\t\t<div class=\"elementor-widget-container\">\n\t\t\t\t\t\t\t\t\t<p>Die Luftpistole ist eine Druckluftwaffe. Als Geschosse werden Diabolos mit dem Kaliber 4.5mm verwendet. Es k\u00f6nnen 3 Disziplinen unterschieden werden: Mit einer LP1 und einer LP5 wird einh\u00e4ndig auf eine 10 Meter entfernte Ringscheibe geschossen. Mit der Air Silhouette wird auf Tierfiguren gezielt.\u00a0<\/p>\t\t\t\t\t\t\t\t<\/div>\n\t\t\t\t<\/div>\n\t\t\t\t\t<\/div>\n\t\t\t\t<\/div>\n\t\t<div class=\"elementor-element elementor-element-52d6175 e-flex e-con-boxed e-con e-parent\" data-id=\"52d6175\" data-element_type=\"container\" data-e-type=\"container\">\n\t\t\t\t\t<div class=\"e-con-inner\">\n\t\t\t\t<div class=\"elementor-element elementor-element-6a4fd3f elementor-widget elementor-widget-bdt-switcher\" data-id=\"6a4fd3f\" data-element_type=\"widget\" data-e-type=\"widget\" data-widget_type=\"bdt-switcher.default\">\n\t\t\t\t<div class=\"elementor-widget-container\">\n\t\t\t\t\t\t\t<div id=\"bdt-tabs-6a4fd3f\" class=\"bdt-switchers\" data-activator=\"{&quot;id&quot;:&quot;6a4fd3f&quot;,&quot;switchA&quot;:&quot;.not-select&quot;,&quot;switchB&quot;:&quot;.not-select&quot;}\">\n\n\t\t\t\n\t\t\t<div class=\"bdt-tabs-container\">\n\t\t\t\t<div class=\"bdt-tab bdt-tab-default\" data-bdt-tab=\"{&quot;connect&quot;:&quot;#bdt-switcher-6a4fd3f&quot;,&quot;swiping&quot;:&quot;false&quot;}\" id=\"bdt-switcher-activator-6a4fd3f\">\n\t\t\t\t\t\t\t\t\t\t<div class=\"bdt-tabs-item\">\n\t\t\t\t\t\t<a class=\"bdt-tabs-item-a-title\" href=\"#\">\n\t\t\t\t\t\t\t<div class=\"bdt-tab-text-wrapper\">\n\n\t\t\t\t\t\t\t\t\n\t\t\t\t\t\t\t\t\t\t\t\t\t\t\t\t\t<span class=\"bdt-tab-text\">LP1<\/span>\n\t\t\t\t\t\t\t\t\n\t\t\t\t\t\t\t\t\n\t\t\t\t\t\t\t<\/div>\n\t\t\t\t\t\t<\/a>\n\t\t\t\t\t\t\t\t\t\t\t<\/div>\n\n\t\t\t\t\t<div class=\"bdt-tabs-item\">\n\t\t\t\t\t\t<a class=\"bdt-tabs-item-b-title\" href=\"#\">\n\t\t\t\t\t\t\t<div class=\"bdt-tab-text-wrapper\">\n\n\t\t\t\t\t\t\t\t\n\t\t\t\t\t\t\t\t\t\t\t\t\t\t\t\t\t<span class=\"bdt-tab-text\">LP5<\/span>\n\t\t\t\t\t\t\t\t\n\t\t\t\t\t\t\t\t\n\t\t\t\t\t\t\t<\/div>\n\t\t\t\t\t\t<\/a>\n\t\t\t\t\t\t\t\t\t\t\t<\/div>\n\n\t\t\t\t<\/div>\n\t\t\t<\/div>\n\n\t\t\t\t\t\t\t<div class=\"bdt-switcher-wrapper\">\n\n\t\t\t\t\t\n\t\t<div id=\"bdt-switcher-6a4fd3f\" class=\"bdt-switcher bdt-switcher-item-content\">\n\n\t\t\t<div class=\"bdt-switcher-item-content-inner\">\n\t\t\t\t<div>\n\n\t\t\t\t\t<p style=\"text-align: center;\">Einsch\u00fcssige Luftpistole bedeutet, dass jeder Schuss extra geladen wird. Diese Disziplin ist olympisch. Es besteht die M\u00f6glichkeit stehend frei oder stehend aufgelegt zu schie\u00dfen. Die Anzahl der Schuss (20-, 40-, 60-Schussprogramm) variiert je nach Altersklasse, kann jedoch entsprechend der Veranstaltungsausschreibung abweichen.<\/p>\n\t\t\t\t<\/div>\n\t\t\t<\/div>\n\n\t\t\t<div class=\"bdt-switcher-item-content-inner\">\n\t\t\t\t<div>\n\n\t\t\t\t\t<p>Die LP5 wird mit einem f\u00fcnfsch\u00fcssigen Magazin geladen. Standard und Schnellfeuer bezeichnen unterschiedliche Durchf\u00fchrungsmodi: Das LP5-Standardprogramm umfasst 40 Schuss (8 Serien zu je 5 Schuss in 10 Sekunden) auf herk\u00f6mmliche Ringscheiben. Bei LP5-Schnellfeuer wird ein 60-Schussprogramm (10, 8 und 6 Sekunden) absolviert, wobei die Scheiben eine andere Skalierung aufweisen.<br \/><br \/><\/p>\n\t\t\t\t<\/div>\n\t\t\t<\/div>\n\n\t\t<\/div>\n\n\t\n\t\t\t\t<\/div>\n\t\t\t\n\t\t<\/div>\n\n\n\t\t\t\t<\/div>\n\t\t\t\t<\/div>\n\t\t\t\t\t<\/div>\n\t\t\t\t<\/div>\n\t\t\t\t<section class=\"elementor-section elementor-top-section elementor-element elementor-element-96966c7 elementor-section-boxed elementor-section-height-default elementor-section-height-default\" data-id=\"96966c7\" data-element_type=\"section\" data-e-type=\"section\">\n\t\t\t\t\t\t<div class=\"elementor-container elementor-column-gap-default\">\n\t\t\t\t\t<div class=\"elementor-column elementor-col-100 elementor-top-column elementor-element elementor-element-9f967d1\" data-id=\"9f967d1\" data-element_type=\"column\" data-e-type=\"column\">\n\t\t\t<div class=\"elementor-widget-wrap elementor-element-populated\">\n\t\t\t\t\t\t<div class=\"elementor-element elementor-element-474e135 elementor-widget-divider--view-line elementor-widget elementor-widget-divider\" data-id=\"474e135\" data-element_type=\"widget\" data-e-type=\"widget\" data-widget_type=\"divider.default\">\n\t\t\t\t<div class=\"elementor-widget-container\">\n\t\t\t\t\t\t\t<div class=\"elementor-divider\">\n\t\t\t<span class=\"elementor-divider-separator\">\n\t\t\t\t\t\t<\/span>\n\t\t<\/div>\n\t\t\t\t\t\t<\/div>\n\t\t\t\t<\/div>\n\t\t\t\t\t<\/div>\n\t\t<\/div>\n\t\t\t\t\t<\/div>\n\t\t<\/section>\n\t\t\t\t<section class=\"elementor-section elementor-top-section elementor-element elementor-element-968252b elementor-section-boxed elementor-section-height-default elementor-section-height-default\" data-id=\"968252b\" data-element_type=\"section\" data-e-type=\"section\">\n\t\t\t\t\t\t<div class=\"elementor-container elementor-column-gap-default\">\n\t\t\t\t\t<div class=\"elementor-column elementor-col-100 elementor-top-column elementor-element elementor-element-47a602c\" data-id=\"47a602c\" data-element_type=\"column\" data-e-type=\"column\">\n\t\t\t<div class=\"elementor-widget-wrap elementor-element-populated\">\n\t\t\t\t\t\t<div class=\"elementor-element elementor-element-ba5872d elementor-widget__width-initial elementor-widget-mobile__width-initial elementor-widget elementor-widget-heading\" data-id=\"ba5872d\" data-element_type=\"widget\" data-e-type=\"widget\" data-widget_type=\"heading.default\">\n\t\t\t\t<div class=\"elementor-widget-container\">\n\t\t\t\t\t<h4 class=\"elementor-heading-title elementor-size-default\">WETTBEWERBE AUF UNTERSCHIEDLICHEN EBENEN<\/h4>\t\t\t\t<\/div>\n\t\t\t\t<\/div>\n\t\t\t\t\t<\/div>\n\t\t<\/div>\n\t\t\t\t\t<\/div>\n\t\t<\/section>\n\t\t<div class=\"elementor-element elementor-element-0dd0a72 e-flex e-con-boxed e-con e-parent\" data-id=\"0dd0a72\" data-element_type=\"container\" data-e-type=\"container\">\n\t\t\t\t\t<div class=\"e-con-inner\">\n\t\t\t\t<div class=\"elementor-element elementor-element-54585a2 e-n-tabs-mobile elementor-widget elementor-widget-n-tabs\" data-id=\"54585a2\" data-element_type=\"widget\" data-e-type=\"widget\" data-settings=\"{&quot;horizontal_scroll&quot;:&quot;disable&quot;}\" data-widget_type=\"nested-tabs.default\">\n\t\t\t\t<div class=\"elementor-widget-container\">\n\t\t\t\t\t\t\t<div class=\"e-n-tabs\" data-widget-number=\"88442274\" aria-label=\"Tabs. Open items with Enter or Space, close with Escape and navigate using the Arrow keys.\">\n\t\t\t<div class=\"e-n-tabs-heading\" role=\"tablist\">\n\t\t\t\t\t<button id=\"e-n-tab-title-884422741\" data-tab-title-id=\"e-n-tab-title-884422741\" class=\"e-n-tab-title\" aria-selected=\"true\" data-tab-index=\"1\" role=\"tab\" tabindex=\"0\" aria-controls=\"e-n-tab-content-884422741\" style=\"--n-tabs-title-order: 1;\">\n\t\t\t\t\t\t<span class=\"e-n-tab-title-text\">\n\t\t\t\tVEREIN\t\t\t<\/span>\n\t\t<\/button>\n\t\t\t\t<button id=\"e-n-tab-title-884422742\" data-tab-title-id=\"e-n-tab-title-884422742\" class=\"e-n-tab-title\" aria-selected=\"false\" data-tab-index=\"2\" role=\"tab\" tabindex=\"-1\" aria-controls=\"e-n-tab-content-884422742\" style=\"--n-tabs-title-order: 2;\">\n\t\t\t\t\t\t<span class=\"e-n-tab-title-text\">\n\t\t\t\tBEZIRK\t\t\t<\/span>\n\t\t<\/button>\n\t\t\t\t<button id=\"e-n-tab-title-884422743\" data-tab-title-id=\"e-n-tab-title-884422743\" class=\"e-n-tab-title\" aria-selected=\"false\" data-tab-index=\"3\" role=\"tab\" tabindex=\"-1\" aria-controls=\"e-n-tab-content-884422743\" style=\"--n-tabs-title-order: 3;\">\n\t\t\t\t\t\t<span class=\"e-n-tab-title-text\">\n\t\t\t\tLAND\t\t\t<\/span>\n\t\t<\/button>\n\t\t\t\t<button id=\"e-n-tab-title-884422744\" data-tab-title-id=\"e-n-tab-title-884422744\" class=\"e-n-tab-title\" aria-selected=\"false\" data-tab-index=\"4\" role=\"tab\" tabindex=\"-1\" aria-controls=\"e-n-tab-content-884422744\" style=\"--n-tabs-title-order: 4;\">\n\t\t\t\t\t\t<span class=\"e-n-tab-title-text\">\n\t\t\t\t\u00dcBERREGIONAL\t\t\t<\/span>\n\t\t<\/button>\n\t\t\t\t\t<\/div>\n\t\t\t<div class=\"e-n-tabs-content\">\n\t\t\t\t<div id=\"e-n-tab-content-884422741\" role=\"tabpanel\" aria-labelledby=\"e-n-tab-title-884422741\" data-tab-index=\"1\" style=\"--n-tabs-title-order: 1;\" class=\"e-active elementor-element elementor-element-31a116d e-con-full e-flex e-con e-child\" data-id=\"31a116d\" data-element_type=\"container\" data-e-type=\"container\">\n\t\t\t\t<div class=\"elementor-element elementor-element-25e321a elementor-widget elementor-widget-text-editor\" data-id=\"25e321a\" data-element_type=\"widget\" data-e-type=\"widget\" data-widget_type=\"text-editor.default\">\n\t\t\t\t<div class=\"elementor-widget-container\">\n\t\t\t\t\t\t\t\t\t<p>Seit der LP-Saison 2006|07 wird der <strong><a href=\"https:\/\/www.ssvblumau.at\/wordpress\/luftpistole\/blumau-cup\/\">Offenen Blumau Cup<\/a><\/strong> mit abschlie\u00dfendem Finale in der Disziplin LP1 durchgef\u00fchrt. 2014-2020 fanden\u00a0<a href=\"https:\/\/www.ssvblumau.at\/wordpress\/verein-1\/vereinsmeisterschaft\/\"><strong>Vereinsmeisterschaften<\/strong><\/a> statt. 2015 wurde die vereinsinterne <a href=\"https:\/\/www.ssvblumau.at\/wordpress\/luftpistole\/rangliste\/\"><strong>Rangliste<\/strong> <\/a>LP1 ins Leben gerufen. Anlassbezogen werden\u00a0<a href=\"https:\/\/www.ssvblumau.at\/wordpress\/verein-1\/vereinsinterne-veranstaltungen\/\"><strong>Juxbewerbe<\/strong> <\/a>durchgef\u00fchrt.<\/p>\t\t\t\t\t\t\t\t<\/div>\n\t\t\t\t<\/div>\n\t\t\t\t<\/div>\n\t\t<div id=\"e-n-tab-content-884422742\" role=\"tabpanel\" aria-labelledby=\"e-n-tab-title-884422742\" data-tab-index=\"2\" style=\"--n-tabs-title-order: 2;\" class=\" elementor-element elementor-element-4f860c5 e-con-full e-flex e-con e-child\" data-id=\"4f860c5\" data-element_type=\"container\" data-e-type=\"container\">\n\t\t\t\t<div class=\"elementor-element elementor-element-355e339 elementor-widget elementor-widget-text-editor\" data-id=\"355e339\" data-element_type=\"widget\" data-e-type=\"widget\" data-widget_type=\"text-editor.default\">\n\t\t\t\t<div class=\"elementor-widget-container\">\n\t\t\t\t\t\t\t\t\t<p>Die Organisation des Schie\u00dfwesens in\u00a0Nieder\u00f6sterreich erfolgt auf regionaler Ebene. Der\u00a0SSV Blumau ist dem\u00a03. Bezirkssch\u00fctzenbund &#8222;Thermenregion&#8220; zugeordnet. Zu den j\u00e4hrlich ausgeschriebenen Bewerben z\u00e4hlen die <a href=\"https:\/\/www.ssvblumau.at\/wordpress\/lp-bewerbe\/bezirksebene\/\"><b>Bezirkscups <\/b>und <b>Bezirksmeisterschaften<\/b><\/a> in den Sparten LP1 und\u00a0LP5. Mit der Durchf\u00fchrung betraut sind die jeweiligen Bezirkssportleiter. Bis 2014 geh\u00f6rte der <a href=\"https:\/\/www.ssvblumau.at\/wordpress\/lp-bewerbe\/bezirksebene\/\"><strong>Mannschaftsdirektwettkampf<\/strong><\/a> LP1 zum Programm.<\/p>\t\t\t\t\t\t\t\t<\/div>\n\t\t\t\t<\/div>\n\t\t\t\t<\/div>\n\t\t<div id=\"e-n-tab-content-884422743\" role=\"tabpanel\" aria-labelledby=\"e-n-tab-title-884422743\" data-tab-index=\"3\" style=\"--n-tabs-title-order: 3;\" class=\" elementor-element elementor-element-9697c1d e-con-full e-flex e-con e-child\" data-id=\"9697c1d\" data-element_type=\"container\" data-e-type=\"container\">\n\t\t\t\t<div class=\"elementor-element elementor-element-9bb83b6 elementor-widget elementor-widget-text-editor\" data-id=\"9bb83b6\" data-element_type=\"widget\" data-e-type=\"widget\" data-widget_type=\"text-editor.default\">\n\t\t\t\t<div class=\"elementor-widget-container\">\n\t\t\t\t\t\t\t\t\t<p>Nieder\u00f6sterreichweit werden vom Landesverband sowohl er\u00a0<a href=\"https:\/\/www.ssvblumau.at\/wordpress\/lp-bewerbe\/einzelfernwettkaempfe-noe\/\"><strong>Einzelfernwettkampf<\/strong><\/a>\u00a0<em>(kurz EFWK)<\/em> angeboten sowie der <a href=\"https:\/\/www.ssvblumau.at\/wordpress\/lp-bewerbe\/mannschaftsfernwettkampf-noe\/\"><strong>Mannschaftsfernwettkampf<\/strong><\/a> LP1 (MFWK). Fernwettk\u00e4mpfe werden jeweils im eigenen Verein geschossen und die Ergebnisse landesweit verglichen. Des Weiteren gibt es f\u00fcr LP1 und LP5 einen Cup, welcher unter der Bezeichnung <a href=\"https:\/\/www.ssvblumau.at\/wordpress\/lp-bewerbe\/landesebene-niederoesterreich\/\"><strong>Landesliga<\/strong> <\/a>l\u00e4uft. Die erbrachte Leistung in der Landesliga wird f\u00fcr die Qualifikation f\u00fcr den Landeskader herangezogen. Den H\u00f6henpunkt der Saison stellen die <a href=\"https:\/\/www.ssvblumau.at\/wordpress\/lp-bewerbe\/landesebene-niederoesterreich\/\"><strong>Landesmeisterschaften<\/strong> <\/a>dar.<\/p>\t\t\t\t\t\t\t\t<\/div>\n\t\t\t\t<\/div>\n\t\t\t\t<\/div>\n\t\t<div id=\"e-n-tab-content-884422744\" role=\"tabpanel\" aria-labelledby=\"e-n-tab-title-884422744\" data-tab-index=\"4\" style=\"--n-tabs-title-order: 4;\" class=\" elementor-element elementor-element-c5d0a9f e-con-full e-flex e-con e-child\" data-id=\"c5d0a9f\" data-element_type=\"container\" data-e-type=\"container\">\n\t\t\t\t<div class=\"elementor-element elementor-element-7fe436e elementor-widget elementor-widget-text-editor\" data-id=\"7fe436e\" data-element_type=\"widget\" data-e-type=\"widget\" data-widget_type=\"text-editor.default\">\n\t\t\t\t<div class=\"elementor-widget-container\">\n\t\t\t\t\t\t\t\t\t<p>\u00dcber die Landesgrenze hinaus werden diverse Vergleichsk\u00e4mpfe durchgef\u00fchrt. Von der ASFA wird der Fernwettkampf mit der Air Silhouette duchgef\u00fchrt, dem sogenannten <a href=\"https:\/\/www.ssvblumau.at\/wordpress\/lp-bewerbe\/einzelfernwettkaempfe-noe\/\"><strong>Fernwettkampf Paper-Silhouette<\/strong><\/a>. In der Saison 2020|21 f\u00fchrte der \u00d6SB die <a href=\"https:\/\/www.ssvblumau.at\/wordpress\/luftpistole\/internationale-bewerbe\/\"><strong>\u00d6sterreichische Vereinsliga<\/strong><\/a> mit der LP1 ein, welche 2024|25 von einem <strong><a href=\"https:\/\/www.ssvblumau.at\/wordpress\/luftpistole\/internationale-bewerbe\/\" target=\"_blank\" rel=\"noopener\">\u00f6sterreichweiten Fernwettkampf<\/a><\/strong> abgel\u00f6st wurde. Anlassbezogen werden L\u00e4nderwettk\u00e4mpfe durchgef\u00fchrt. J\u00e4hrlich stellen die <a href=\"https:\/\/www.ssvblumau.at\/wordpress\/lp-bewerbe\/internationale-bewerbe\/\"><strong>\u00d6sterreichisches Staats- und Meisterschaften<\/strong><\/a> den Saisonh\u00f6hepunkt dar. Seit der Saison 2013|14 stellt sich eine Mannschaft des SSV Blumau der Herausforderung <a href=\"https:\/\/www.ssvblumau.at\/wordpress\/luftpistole\/oesterr-bundesliga\/\"><strong>Bundesliga<\/strong><\/a>, der h\u00f6chsten LP1-Liga \u00d6sterreichs, welche vom \u00d6sterreichischen Sch\u00fctzenbund organisiert wird. In der Saison 2017|18 wurde erstmals die <a href=\"https:\/\/www.ssvblumau.at\/wordpress\/luftpistole\/oesterr-bundesliga\/\"><strong>Jugendbundesliga<\/strong> <\/a>LP mit Blumauer Beteiligung ausgetragen. Zudem werden <a href=\"https:\/\/www.ssvblumau.at\/wordpress\/lp-bewerbe\/internationale-bewerbe\/\"><strong>internationale Wettk\u00e4mpfe<\/strong><\/a> durchgef\u00fchrt, f\u00fcr deren Teilnahme man sich in den meisten F\u00e4llen qualifizieren muss.<\/p>\t\t\t\t\t\t\t\t<\/div>\n\t\t\t\t<\/div>\n\t\t\t\t<\/div>\n\t\t\t\t\t<\/div>\n\t\t<\/div>\n\t\t\t\t\t\t<\/div>\n\t\t\t\t<\/div>\n\t\t\t\t\t<\/div>\n\t\t\t\t<\/div>\n\t\t\t\t<section class=\"elementor-section elementor-top-section elementor-element elementor-element-b9605d9 elementor-section-boxed elementor-section-height-default elementor-section-height-default\" data-id=\"b9605d9\" data-element_type=\"section\" data-e-type=\"section\">\n\t\t\t\t\t\t<div class=\"elementor-container elementor-column-gap-default\">\n\t\t\t\t\t<div class=\"elementor-column elementor-col-100 elementor-top-column elementor-element elementor-element-29256fc\" data-id=\"29256fc\" data-element_type=\"column\" data-e-type=\"column\">\n\t\t\t<div class=\"elementor-widget-wrap elementor-element-populated\">\n\t\t\t\t\t\t<div class=\"elementor-element elementor-element-6019ded elementor-widget-divider--view-line elementor-widget elementor-widget-divider\" data-id=\"6019ded\" data-element_type=\"widget\" data-e-type=\"widget\" data-widget_type=\"divider.default\">\n\t\t\t\t<div class=\"elementor-widget-container\">\n\t\t\t\t\t\t\t<div class=\"elementor-divider\">\n\t\t\t<span class=\"elementor-divider-separator\">\n\t\t\t\t\t\t<\/span>\n\t\t<\/div>\n\t\t\t\t\t\t<\/div>\n\t\t\t\t<\/div>\n\t\t\t\t\t<\/div>\n\t\t<\/div>\n\t\t\t\t\t<\/div>\n\t\t<\/section>\n\t\t\t\t<section class=\"elementor-section elementor-top-section elementor-element elementor-element-44142ba elementor-section-boxed elementor-section-height-default elementor-section-height-default\" data-id=\"44142ba\" data-element_type=\"section\" data-e-type=\"section\">\n\t\t\t\t\t\t<div class=\"elementor-container elementor-column-gap-default\">\n\t\t\t\t\t<div class=\"elementor-column elementor-col-100 elementor-top-column elementor-element elementor-element-46467bc\" data-id=\"46467bc\" data-element_type=\"column\" data-e-type=\"column\">\n\t\t\t<div class=\"elementor-widget-wrap elementor-element-populated\">\n\t\t\t\t\t\t<div class=\"elementor-element elementor-element-85d1a50 elementor-widget__width-initial elementor-widget-mobile__width-initial elementor-widget elementor-widget-heading\" data-id=\"85d1a50\" data-element_type=\"widget\" data-e-type=\"widget\" data-widget_type=\"heading.default\">\n\t\t\t\t<div class=\"elementor-widget-container\">\n\t\t\t\t\t<h4 class=\"elementor-heading-title elementor-size-default\">REGLEMENT<\/h4>\t\t\t\t<\/div>\n\t\t\t\t<\/div>\n\t\t\t\t\t<\/div>\n\t\t<\/div>\n\t\t\t\t\t<\/div>\n\t\t<\/section>\n\t\t<div class=\"elementor-element elementor-element-127798d e-flex e-con-boxed e-con e-parent\" data-id=\"127798d\" data-element_type=\"container\" data-e-type=\"container\">\n\t\t\t\t\t<div class=\"e-con-inner\">\n\t\t\t\t<div class=\"elementor-element elementor-element-25bbbea elementor-widget__width-initial elementor-widget elementor-widget-image\" data-id=\"25bbbea\" data-element_type=\"widget\" data-e-type=\"widget\" data-widget_type=\"image.default\">\n\t\t\t\t<div class=\"elementor-widget-container\">\n\t\t\t\t\t\t\t\t\t\t\t\t<figure class=\"wp-caption\">\n\t\t\t\t\t\t\t\t\t\t\t<a href=\"https:\/\/www.ssvblumau.at\/wordpress\/wp-content\/uploads\/2025\/11\/OeSchO_1_Ausgabe_Revision_15.pdf\" target=\"_blank\">\n\t\t\t\t\t\t\t<img decoding=\"async\" width=\"150\" height=\"150\" src=\"https:\/\/www.ssvblumau.at\/wordpress\/wp-content\/uploads\/pdf-Download-150x150.jpg\" class=\"elementor-animation-pop attachment-thumbnail size-thumbnail wp-image-14625\" alt=\"\" srcset=\"https:\/\/www.ssvblumau.at\/wordpress\/wp-content\/uploads\/pdf-Download-150x150.jpg 150w, https:\/\/www.ssvblumau.at\/wordpress\/wp-content\/uploads\/pdf-Download-300x300.jpg 300w, https:\/\/www.ssvblumau.at\/wordpress\/wp-content\/uploads\/pdf-Download-768x768.jpg 768w, https:\/\/www.ssvblumau.at\/wordpress\/wp-content\/uploads\/pdf-Download-1024x1024.jpg 1024w\" sizes=\"(max-width: 150px) 100vw, 150px\" \/>\t\t\t\t\t\t\t\t<\/a>\n\t\t\t\t\t\t\t\t\t\t\t<figcaption class=\"widget-image-caption wp-caption-text\">\u00d6sterreichische Schie\u00dfordnung<\/figcaption>\n\t\t\t\t\t\t\t\t\t\t<\/figure>\n\t\t\t\t\t\t\t\t\t<\/div>\n\t\t\t\t<\/div>\n\t\t\t\t\t<\/div>\n\t\t\t\t<\/div>\n\t\t\t\t<section class=\"elementor-section elementor-top-section elementor-element elementor-element-1f68fda elementor-section-boxed elementor-section-height-default elementor-section-height-default\" data-id=\"1f68fda\" data-element_type=\"section\" data-e-type=\"section\">\n\t\t\t\t\t\t<div class=\"elementor-container elementor-column-gap-default\">\n\t\t\t\t\t<div class=\"elementor-column elementor-col-100 elementor-top-column elementor-element elementor-element-7b5a1ba\" data-id=\"7b5a1ba\" data-element_type=\"column\" data-e-type=\"column\">\n\t\t\t<div class=\"elementor-widget-wrap elementor-element-populated\">\n\t\t\t\t\t\t<div class=\"elementor-element elementor-element-d79e4d6 elementor-widget-divider--view-line elementor-widget elementor-widget-divider\" data-id=\"d79e4d6\" data-element_type=\"widget\" data-e-type=\"widget\" data-widget_type=\"divider.default\">\n\t\t\t\t<div class=\"elementor-widget-container\">\n\t\t\t\t\t\t\t<div class=\"elementor-divider\">\n\t\t\t<span class=\"elementor-divider-separator\">\n\t\t\t\t\t\t<\/span>\n\t\t<\/div>\n\t\t\t\t\t\t<\/div>\n\t\t\t\t<\/div>\n\t\t\t\t\t<\/div>\n\t\t<\/div>\n\t\t\t\t\t<\/div>\n\t\t<\/section>\n\t\t\t\t<\/div>\n\t\t","protected":false},"excerpt":{"rendered":"<p>DIE LUFTPISTOLE ALS SPORTGER\u00c4T Die Luftpistole ist eine Druckluftwaffe. Als Geschosse werden Diabolos mit dem Kaliber 4.5mm verwendet. Es k\u00f6nnen 3 Disziplinen unterschieden werden: Mit einer LP1 und einer LP5 wird einh\u00e4ndig auf eine 10 Meter entfernte Ringscheibe geschossen. Mit der Air Silhouette wird auf Tierfiguren gezielt.\u00a0 LP1 LP5 Einsch\u00fcssige Luftpistole bedeutet, dass jeder Schuss &hellip; <\/p>\n<p><a class=\"more-link btn\" href=\"https:\/\/www.ssvblumau.at\/wordpress\/luftpistole\/\">Weiterlesen<\/a><\/p>\n","protected":false},"author":1,"featured_media":686,"parent":0,"menu_order":0,"comment_status":"closed","ping_status":"closed","template":"","meta":{"footnotes":""},"class_list":["post-673","page","type-page","status-publish","has-post-thumbnail","hentry","nodate"],"_links":{"self":[{"href":"https:\/\/www.ssvblumau.at\/wordpress\/wp-json\/wp\/v2\/pages\/673","targetHints":{"allow":["GET"]}}],"collection":[{"href":"https:\/\/www.ssvblumau.at\/wordpress\/wp-json\/wp\/v2\/pages"}],"about":[{"href":"https:\/\/www.ssvblumau.at\/wordpress\/wp-json\/wp\/v2\/types\/page"}],"author":[{"embeddable":true,"href":"https:\/\/www.ssvblumau.at\/wordpress\/wp-json\/wp\/v2\/users\/1"}],"replies":[{"embeddable":true,"href":"https:\/\/www.ssvblumau.at\/wordpress\/wp-json\/wp\/v2\/comments?post=673"}],"version-history":[{"count":195,"href":"https:\/\/www.ssvblumau.at\/wordpress\/wp-json\/wp\/v2\/pages\/673\/revisions"}],"predecessor-version":[{"id":31897,"href":"https:\/\/www.ssvblumau.at\/wordpress\/wp-json\/wp\/v2\/pages\/673\/revisions\/31897"}],"wp:featuredmedia":[{"embeddable":true,"href":"https:\/\/www.ssvblumau.at\/wordpress\/wp-json\/wp\/v2\/media\/686"}],"wp:attachment":[{"href":"https:\/\/www.ssvblumau.at\/wordpress\/wp-json\/wp\/v2\/media?parent=673"}],"curies":[{"name":"wp","href":"https:\/\/api.w.org\/{rel}","templated":true}]}}